{"id":20,"date":"2025-03-23T17:23:57","date_gmt":"2025-03-23T16:23:57","guid":{"rendered":"https:\/\/new.grummel.ch\/?page_id=20"},"modified":"2025-03-25T22:33:38","modified_gmt":"2025-03-25T21:33:38","slug":"teaam","status":"publish","type":"page","link":"https:\/\/grummel.ch\/?page_id=20","title":{"rendered":"Team"},"content":{"rendered":"\t\t<div data-elementor-type=\"wp-page\" data-elementor-id=\"20\" class=\"elementor elementor-20\">\n\t\t\t\t<div class=\"elementor-element elementor-element-9740b12 e-flex e-con-boxed e-con e-parent\" data-id=\"9740b12\" data-element_type=\"container\">\n\t\t\t\t\t<div class=\"e-con-inner\">\n\t\t\t\t<div class=\"elementor-element elementor-element-3c485a0 elementor-widget elementor-widget-spacer\" data-id=\"3c485a0\" data-element_type=\"widget\" data-widget_type=\"spacer.default\">\n\t\t\t\t<div class=\"elementor-widget-container\">\n\t\t\t\t\t\t\t<div class=\"elementor-spacer\">\n\t\t\t<div class=\"elementor-spacer-inner\"><\/div>\n\t\t<\/div>\n\t\t\t\t\t\t<\/div>\n\t\t\t\t<\/div>\n\t\t\t\t<div class=\"elementor-element elementor-element-42367ca elementor-widget elementor-widget-heading\" data-id=\"42367ca\" data-element_type=\"widget\" data-widget_type=\"heading.default\">\n\t\t\t\t<div class=\"elementor-widget-container\">\n\t\t\t\t\t<h2 class=\"elementor-heading-title elementor-size-default\">\u00dcber uns<\/h2>\t\t\t\t<\/div>\n\t\t\t\t<\/div>\n\t\t\t\t<div class=\"elementor-element elementor-element-63b7702 elementor-widget elementor-widget-spacer\" data-id=\"63b7702\" data-element_type=\"widget\" data-widget_type=\"spacer.default\">\n\t\t\t\t<div class=\"elementor-widget-container\">\n\t\t\t\t\t\t\t<div class=\"elementor-spacer\">\n\t\t\t<div class=\"elementor-spacer-inner\"><\/div>\n\t\t<\/div>\n\t\t\t\t\t\t<\/div>\n\t\t\t\t<\/div>\n\t\t\t\t\t<\/div>\n\t\t\t\t<\/div>\n\t\t<div class=\"elementor-element elementor-element-72a918f e-flex e-con-boxed e-con e-parent\" data-id=\"72a918f\" data-element_type=\"container\" data-settings=\"{&quot;background_background&quot;:&quot;classic&quot;}\">\n\t\t\t\t\t<div class=\"e-con-inner\">\n\t\t<div class=\"elementor-element elementor-element-bf27fc4 e-con-full e-flex e-con e-child\" data-id=\"bf27fc4\" data-element_type=\"container\">\n\t\t\t\t<div class=\"elementor-element elementor-element-e11c769 elementor-widget elementor-widget-text-editor\" data-id=\"e11c769\" data-element_type=\"widget\" data-widget_type=\"text-editor.default\">\n\t\t\t\t<div class=\"elementor-widget-container\">\n\t\t\t\t\t\t\t\t\t<p>Unser Team besteht aus langj\u00e4hrigen und qualifizierten Mitarbeitern, mit grosser Berufserfahrung.<\/p><p>F\u00fcr s\u00e4mtliche administrative Arbeiten ist Nicole Grummel zust\u00e4ndig.<\/p><p>Vorwiegend arbeiten wir f\u00fcr Privatkunden und Liegenschaftsverwaltungen<\/p><p>Qualit\u00e4t, Zuverl\u00e4ssigkeit, optimale Beratung und Terminflexibilit\u00e4t sind unsere St\u00e4rken und f\u00fcr uns eine Selbstverst\u00e4ndlichkeit.<\/p><p>Wir sind Mitglied von:\u00a0\u00a0\u00a0\u00a0\u00a0\u00a0\u00a0\u00a0\u00a0\u00a0\u00a0\u00a0\u00a0<\/p><p>Gewerbeverband Oberwil(GVOB)\u00a0\u00a0\u00a0\u00a0\u00a0\u00a0<\/p><p>Maler- und Gipserverband Baselland (MGV-BL)<\/p><p>Schweiz. Maler- und Gipsermeisterverband (SMGV)<\/p>\t\t\t\t\t\t\t\t<\/div>\n\t\t\t\t<\/div>\n\t\t\t\t<\/div>\n\t\t<div class=\"elementor-element elementor-element-62e0855 e-con-full e-flex e-con e-child\" data-id=\"62e0855\" data-element_type=\"container\">\n\t\t\t\t<div class=\"elementor-element elementor-element-ca02638 elementor-widget elementor-widget-image\" data-id=\"ca02638\" data-element_type=\"widget\" data-widget_type=\"image.default\">\n\t\t\t\t<div class=\"elementor-widget-container\">\n\t\t\t\t\t\t\t\t\t\t\t\t\t\t\t<img fetchpriority=\"high\" decoding=\"async\" width=\"644\" height=\"428\" src=\"https:\/\/grummel.ch\/wp-content\/uploads\/2025\/03\/Mannschaft2016.gif\" class=\"attachment-large size-large wp-image-50\" alt=\"\" \/>\t\t\t\t\t\t\t\t\t\t\t\t\t\t\t<\/div>\n\t\t\t\t<\/div>\n\t\t\t\t<\/div>\n\t\t\t\t\t<\/div>\n\t\t\t\t<\/div>\n\t\t<div class=\"elementor-element elementor-element-b588b1e e-flex e-con-boxed e-con e-parent\" data-id=\"b588b1e\" data-element_type=\"container\">\n\t\t\t\t\t<div class=\"e-con-inner\">\n\t\t\t\t<div class=\"elementor-element elementor-element-beda4ea elementor-widget elementor-widget-spacer\" data-id=\"beda4ea\" data-element_type=\"widget\" data-widget_type=\"spacer.default\">\n\t\t\t\t<div class=\"elementor-widget-container\">\n\t\t\t\t\t\t\t<div class=\"elementor-spacer\">\n\t\t\t<div class=\"elementor-spacer-inner\"><\/div>\n\t\t<\/div>\n\t\t\t\t\t\t<\/div>\n\t\t\t\t<\/div>\n\t\t\t\t<div class=\"elementor-element elementor-element-92daba1 elementor-widget elementor-widget-heading\" data-id=\"92daba1\" data-element_type=\"widget\" data-widget_type=\"heading.default\">\n\t\t\t\t<div class=\"elementor-widget-container\">\n\t\t\t\t\t<h2 class=\"elementor-heading-title elementor-size-default\">Werkstatt<\/h2>\t\t\t\t<\/div>\n\t\t\t\t<\/div>\n\t\t\t\t<div class=\"elementor-element elementor-element-dd0b4ef elementor-widget elementor-widget-spacer\" data-id=\"dd0b4ef\" data-element_type=\"widget\" data-widget_type=\"spacer.default\">\n\t\t\t\t<div class=\"elementor-widget-container\">\n\t\t\t\t\t\t\t<div class=\"elementor-spacer\">\n\t\t\t<div class=\"elementor-spacer-inner\"><\/div>\n\t\t<\/div>\n\t\t\t\t\t\t<\/div>\n\t\t\t\t<\/div>\n\t\t\t\t<div class=\"elementor-element elementor-element-b4a3f89 elementor-widget elementor-widget-text-editor\" data-id=\"b4a3f89\" data-element_type=\"widget\" data-widget_type=\"text-editor.default\">\n\t\t\t\t<div class=\"elementor-widget-container\">\n\t\t\t\t\t\t\t\t\t<p>Unsere Werkstatt befindet sich an der Bielstrasse 6 in 4104 Oberwil<\/p>\t\t\t\t\t\t\t\t<\/div>\n\t\t\t\t<\/div>\n\t\t\t\t<div class=\"elementor-element elementor-element-a556610 elementor-widget elementor-widget-google_maps\" data-id=\"a556610\" data-element_type=\"widget\" data-widget_type=\"google_maps.default\">\n\t\t\t\t<div class=\"elementor-widget-container\">\n\t\t\t\t\t\t\t<div class=\"elementor-custom-embed\">\n\t\t\t<iframe loading=\"lazy\"\n\t\t\t\t\tsrc=\"https:\/\/maps.google.com\/maps?q=bielstrasse%206%2C%20oberwil&#038;t=m&#038;z=14&#038;output=embed&#038;iwloc=near\"\n\t\t\t\t\ttitle=\"bielstrasse 6, oberwil\"\n\t\t\t\t\taria-label=\"bielstrasse 6, oberwil\"\n\t\t\t><\/iframe>\n\t\t<\/div>\n\t\t\t\t\t\t<\/div>\n\t\t\t\t<\/div>\n\t\t\t\t\t<\/div>\n\t\t\t\t<\/div>\n\t\t<div class=\"elementor-element elementor-element-9107daf e-grid e-con-boxed e-con e-parent\" data-id=\"9107daf\" data-element_type=\"container\">\n\t\t\t\t\t<div class=\"e-con-inner\">\n\t\t\t\t<div class=\"elementor-element elementor-element-3252e2f elementor-widget elementor-widget-image\" data-id=\"3252e2f\" data-element_type=\"widget\" data-widget_type=\"image.default\">\n\t\t\t\t<div class=\"elementor-widget-container\">\n\t\t\t\t\t\t\t\t\t\t\t\t\t\t\t<img decoding=\"async\" width=\"403\" height=\"302\" src=\"https:\/\/grummel.ch\/wp-content\/uploads\/2025\/03\/Spaltanlage.jpg\" class=\"attachment-large size-large wp-image-53\" alt=\"\" srcset=\"https:\/\/grummel.ch\/wp-content\/uploads\/2025\/03\/Spaltanlage.jpg 403w, https:\/\/grummel.ch\/wp-content\/uploads\/2025\/03\/Spaltanlage-300x225.jpg 300w\" sizes=\"(max-width: 403px) 100vw, 403px\" \/>\t\t\t\t\t\t\t\t\t\t\t\t\t\t\t<\/div>\n\t\t\t\t<\/div>\n\t\t\t\t<div class=\"elementor-element elementor-element-5bccd25 elementor-widget elementor-widget-image\" data-id=\"5bccd25\" data-element_type=\"widget\" data-widget_type=\"image.default\">\n\t\t\t\t<div class=\"elementor-widget-container\">\n\t\t\t\t\t\t\t\t\t\t\t\t\t\t\t<img decoding=\"async\" width=\"429\" height=\"285\" src=\"https:\/\/grummel.ch\/wp-content\/uploads\/2025\/03\/Bude2.jpg\" class=\"attachment-large size-large wp-image-52\" alt=\"\" srcset=\"https:\/\/grummel.ch\/wp-content\/uploads\/2025\/03\/Bude2.jpg 429w, https:\/\/grummel.ch\/wp-content\/uploads\/2025\/03\/Bude2-300x199.jpg 300w\" sizes=\"(max-width: 429px) 100vw, 429px\" \/>\t\t\t\t\t\t\t\t\t\t\t\t\t\t\t<\/div>\n\t\t\t\t<\/div>\n\t\t\t\t<div class=\"elementor-element elementor-element-4ffa7d3 elementor-widget elementor-widget-image\" data-id=\"4ffa7d3\" data-element_type=\"widget\" data-widget_type=\"image.default\">\n\t\t\t\t<div class=\"elementor-widget-container\">\n\t\t\t\t\t\t\t\t\t\t\t\t\t\t\t<img loading=\"lazy\" decoding=\"async\" width=\"643\" height=\"427\" src=\"https:\/\/grummel.ch\/wp-content\/uploads\/2025\/03\/Bude.jpg\" class=\"attachment-large size-large wp-image-51\" alt=\"\" srcset=\"https:\/\/grummel.ch\/wp-content\/uploads\/2025\/03\/Bude.jpg 643w, https:\/\/grummel.ch\/wp-content\/uploads\/2025\/03\/Bude-300x199.jpg 300w\" sizes=\"(max-width: 643px) 100vw, 643px\" \/>\t\t\t\t\t\t\t\t\t\t\t\t\t\t\t<\/div>\n\t\t\t\t<\/div>\n\t\t\t\t\t<\/div>\n\t\t\t\t<\/div>\n\t\t\t\t<\/div>\n\t\t","protected":false},"excerpt":{"rendered":"<p>\u00dcber uns Unser Team besteht aus langj\u00e4hrigen und qualifizierten Mitarbeitern, mit grosser Berufserfahrung. F\u00fcr s\u00e4mtliche administrative Arbeiten ist Nicole Grummel zust\u00e4ndig. Vorwiegend arbeiten wir f\u00fcr Privatkunden und Liegenschaftsverwaltungen Qualit\u00e4t, Zuverl\u00e4ssigkeit, optimale Beratung und Terminflexibilit\u00e4t sind unsere St\u00e4rken und f\u00fcr uns eine Selbstverst\u00e4ndlichkeit. Wir sind Mitglied von:\u00a0\u00a0\u00a0\u00a0\u00a0\u00a0\u00a0\u00a0\u00a0\u00a0\u00a0\u00a0\u00a0 Gewerbeverband Oberwil(GVOB)\u00a0\u00a0\u00a0\u00a0\u00a0\u00a0 Maler- und Gipserverband Baselland (MGV-BL) Schweiz. Maler- [&hellip;]<\/p>\n","protected":false},"author":1,"featured_media":0,"parent":0,"menu_order":0,"comment_status":"closed","ping_status":"closed","template":"","meta":{"footnotes":""},"class_list":["post-20","page","type-page","status-publish","hentry"],"_links":{"self":[{"href":"https:\/\/grummel.ch\/index.php?rest_route=\/wp\/v2\/pages\/20","targetHints":{"allow":["GET"]}}],"collection":[{"href":"https:\/\/grummel.ch\/index.php?rest_route=\/wp\/v2\/pages"}],"about":[{"href":"https:\/\/grummel.ch\/index.php?rest_route=\/wp\/v2\/types\/page"}],"author":[{"embeddable":true,"href":"https:\/\/grummel.ch\/index.php?rest_route=\/wp\/v2\/users\/1"}],"replies":[{"embeddable":true,"href":"https:\/\/grummel.ch\/index.php?rest_route=%2Fwp%2Fv2%2Fcomments&post=20"}],"version-history":[{"count":13,"href":"https:\/\/grummel.ch\/index.php?rest_route=\/wp\/v2\/pages\/20\/revisions"}],"predecessor-version":[{"id":367,"href":"https:\/\/grummel.ch\/index.php?rest_route=\/wp\/v2\/pages\/20\/revisions\/367"}],"wp:attachment":[{"href":"https:\/\/grummel.ch\/index.php?rest_route=%2Fwp%2Fv2%2Fmedia&parent=20"}],"curies":[{"name":"wp","href":"https:\/\/api.w.org\/{rel}","templated":true}]}}